{"id":16501,"date":"2021-12-11T16:27:06","date_gmt":"2021-12-11T15:27:06","guid":{"rendered":"https:\/\/www.breakoutbasel.ch\/?page_id=16501"},"modified":"2022-03-16T19:22:55","modified_gmt":"2022-03-16T18:22:55","slug":"online-escape-room","status":"publish","type":"page","link":"https:\/\/www.breakoutbasel.ch\/en\/online-escape-room\/","title":{"rendered":"Watson&#8217;s Crew (Online Escape Room)"},"content":{"rendered":"\n<h2 class=\"wp-block-heading\" id=\"online-team-event-helft-dr-watson\">Online Team Event &#8211;  Helft Dr. Watson!<\/h2>\n\n<div class=\"wp-block-columns justify-height is-layout-flex wp-container-core-columns-is-layout-9d6595d7 wp-block-columns-is-layout-flex\">\n<div class=\"wp-block-column is-layout-flow wp-block-column-is-layout-flow\">\n<h3 class=\"wp-block-heading\" id=\"spannung-spass-und-teamwork-wie-in-person\">Spannung, Spass und Teamwork wie in Person<\/h3>\n\n\n\n<p>Dr. Watson braucht eure Unterst\u00fctzung! Taucht ins Jahr 1923 ein, um einen spannenden Mordfall zu l\u00f6sen. Bringt eure Indizien ins Team ein, um der L\u00f6sung des Falls gemeinsam n\u00e4her zu kommen. Euch erwarten eine packende Story mit unerwarteten Twists, tolle kollaborative R\u00e4tsel und eine erstklassige Betreuung durch Dr. Watson h\u00f6chstpers\u00f6nlich!<\/p>\n\n\n\n<h3 class=\"wp-block-heading\" id=\"90-minuten-spass-und-teamwork\">90 Minuten Spass und Teamwork<\/h3>\n\n\n\n<p>Das Spiel ist geeignet f\u00fcr 6 &#8211; 100 Personen! Es wird in Kleingruppen von 4-6 Personen gespielt.<\/p>\n\n\n\n<p>Das Abenteuer kostet CHF 45 pro Person.<\/p>\n\n\n\n<p>Die Dauer des Spiels betr\u00e4gt ca. 1,5 Stunden.<\/p>\n\n\n\n<p>Es wird bewusst damit gespielt, dass sich die Spieler nur virtuell miteinander austauschen k\u00f6nnen. Dadurch ist ein gutes Teamwork genau so essentiell ist wie im Escape Room selbst. Ein Spielleiter steht stets mit Rat und Tat zur Seite.<\/p>\n\n\n\n<h3 class=\"wp-block-heading\" id=\"ablauf\">Ablauf<\/h3>\n\n\n\n<p>&#8211; Kurz nach Buchungseingang senden wir dir eine Einladung von Sherlock Holmes, mit allen n\u00f6tigen Infos und Links zu.<\/p>\n\n\n\n<p>&#8211; Wenn es dann soweit ist, begr\u00fcsst Dr. Watson das Team im Zoom-Call und gibt eine Spiel-Einf\u00fchrung.<\/p>\n\n\n\n<p>&#8211; Dann wird das Team in Gruppen von 4-6 Personen aufgeteilt.<\/p>\n\n\n\n<p>&#8211; Die Gruppen werden in Breakout Rooms eingeladen, wo sie Zugang zum Online-Spiel erhalten.<\/p>\n\n\n\n<p>&#8211; Es folgen bis zu 90 Minuten R\u00e4tselspass. Dr. Watson (sowie je nach Teamgr\u00f6sse weitere Spielleiter) sind zur Stelle.<\/p>\n\n\n\n<p>&#8211; Zum Schluss folgen eine Auswertung, ein gemeinsames Gruppenfoto und Dr. Watson verabschiedet sich.<\/p>\n\n\n\n\n\n\n<div class=\"wp-block-buttons is-horizontal is-content-justification-center is-layout-flex wp-container-core-buttons-is-layout-499968f5 wp-block-buttons-is-layout-flex\">\n<div class=\"wp-block-button\"><a class=\"wp-block-button__link\" href=\"#book\">Book now!<\/a><\/div>\n<\/div>\n\n\n<p><\/p>\n<\/div>\n\n\n\n<div class=\"wp-block-column is-vertically-aligned-bottom is-layout-flow wp-block-column-is-layout-flow\">\n<figure class=\"wp-block-image size-large rooms-video\"><img loading=\"lazy\" decoding=\"async\" width=\"1024\" height=\"752\" src=\"https:\/\/www.breakoutbasel.ch\/wp-content\/uploads\/2021\/12\/Screenshot-2021-12-11-at-11.20.09-AM-1024x752.png\" alt=\"\" class=\"wp-image-16490\" srcset=\"https:\/\/www.breakoutbasel.ch\/wp-content\/uploads\/2021\/12\/Screenshot-2021-12-11-at-11.20.09-AM-1024x752.png 1024w, https:\/\/www.breakoutbasel.ch\/wp-content\/uploads\/2021\/12\/Screenshot-2021-12-11-at-11.20.09-AM-300x220.png 300w, https:\/\/www.breakoutbasel.ch\/wp-content\/uploads\/2021\/12\/Screenshot-2021-12-11-at-11.20.09-AM-768x564.png 768w, https:\/\/www.breakoutbasel.ch\/wp-content\/uploads\/2021\/12\/Screenshot-2021-12-11-at-11.20.09-AM-82x60.png 82w, https:\/\/www.breakoutbasel.ch\/wp-content\/uploads\/2021\/12\/Screenshot-2021-12-11-at-11.20.09-AM-123x90.png 123w, https:\/\/www.breakoutbasel.ch\/wp-content\/uploads\/2021\/12\/Screenshot-2021-12-11-at-11.20.09-AM.png 1280w\" sizes=\"auto, (max-width: 1024px) 100vw, 1024px\" \/><\/figure>\n\n\n<div style=\"height:76px\" aria-hidden=\"true\" class=\"wp-block-spacer\"><\/div>\n\n\n\n<figure class=\"wp-block-image size-large rooms-video\"><img loading=\"lazy\" decoding=\"async\" width=\"1024\" height=\"688\" src=\"https:\/\/www.breakoutbasel.ch\/wp-content\/uploads\/2021\/12\/DrWatson_und_sen_Team_Anlass_Online_Escape_Room-1024x688.jpg\" alt=\"\" class=\"wp-image-16487\" srcset=\"https:\/\/www.breakoutbasel.ch\/wp-content\/uploads\/2021\/12\/DrWatson_und_sen_Team_Anlass_Online_Escape_Room-1024x688.jpg 1024w, https:\/\/www.breakoutbasel.ch\/wp-content\/uploads\/2021\/12\/DrWatson_und_sen_Team_Anlass_Online_Escape_Room-300x202.jpg 300w, https:\/\/www.breakoutbasel.ch\/wp-content\/uploads\/2021\/12\/DrWatson_und_sen_Team_Anlass_Online_Escape_Room-768x516.jpg 768w, https:\/\/www.breakoutbasel.ch\/wp-content\/uploads\/2021\/12\/DrWatson_und_sen_Team_Anlass_Online_Escape_Room-272x182.jpg 272w, https:\/\/www.breakoutbasel.ch\/wp-content\/uploads\/2021\/12\/DrWatson_und_sen_Team_Anlass_Online_Escape_Room.jpg 1280w\" sizes=\"auto, (max-width: 1024px) 100vw, 1024px\" \/><\/figure>\n\n\n<p><\/p>\n<\/div>\n<\/div>\n\n<div style=\"height:60px\" aria-hidden=\"true\" class=\"wp-block-spacer\"><\/div>\n\n<p class=\"has-text-align-center has-medium-font-size\"><strong>GREAT VIRTUAL TEAM EVENT<br\/><\/strong>\u2605\u2605\u2605\u2605\u2605<br\/>We spent 1.5 hours with our European Team to solve some funnny virtual riddles with the Breakout Basel team. A lot of fun and happy faces on both sides! Highly recommended and thanks again to the BoB team for having us.<br\/><a href=\"https:\/\/www.google.com\/maps\/contrib\/107737059695351357846\/place\/ChIJfeC5Vkm4kUcRAAis6BVG2oM\/@47.5466782,7.5926697,16z\/data=!4m6!1m5!8m4!1e1!2s107737059695351357846!3m1!1e1?hl=de-CH\">Gerry M. <\/a><\/p>\n\n<div style=\"height:60px\" aria-hidden=\"true\" class=\"wp-block-spacer\"><\/div>\n\n<div class=\"whitebackground bookeo-rooms\"><div class=\"wb-content\">\n<\/div><\/div>\n<div style=\"height:1px\" aria-hidden=\"true\" id=\"book\" class=\"wp-block-spacer\"><\/div>\n<script type=\"text\/javascript\" src=\"https:\/\/bookeo.com\/widget.js?a=2147MT9H614C2D4CCE69&amp;type=224XKPFUT17DA63D9818\"><\/script>\n\n\n","protected":false},"excerpt":{"rendered":"<p>Online Team Event &#8211; Helft Dr. Watson! Spannung, Spass und Teamwork wie in Person Dr. Watson braucht eure Unterst\u00fctzung! Taucht ins Jahr 1923 ein, um einen spannenden Mordfall zu l\u00f6sen. &#8230;<\/p>\n","protected":false},"author":1,"featured_media":16505,"parent":0,"menu_order":0,"comment_status":"closed","ping_status":"closed","template":"","meta":{"footnotes":""},"class_list":["post-16501","page","type-page","status-publish","has-post-thumbnail","hentry"],"aioseo_notices":[],"_links":{"self":[{"href":"https:\/\/www.breakoutbasel.ch\/en\/wp-json\/wp\/v2\/pages\/16501","targetHints":{"allow":["GET"]}}],"collection":[{"href":"https:\/\/www.breakoutbasel.ch\/en\/wp-json\/wp\/v2\/pages"}],"about":[{"href":"https:\/\/www.breakoutbasel.ch\/en\/wp-json\/wp\/v2\/types\/page"}],"author":[{"embeddable":true,"href":"https:\/\/www.breakoutbasel.ch\/en\/wp-json\/wp\/v2\/users\/1"}],"replies":[{"embeddable":true,"href":"https:\/\/www.breakoutbasel.ch\/en\/wp-json\/wp\/v2\/comments?post=16501"}],"version-history":[{"count":12,"href":"https:\/\/www.breakoutbasel.ch\/en\/wp-json\/wp\/v2\/pages\/16501\/revisions"}],"predecessor-version":[{"id":16856,"href":"https:\/\/www.breakoutbasel.ch\/en\/wp-json\/wp\/v2\/pages\/16501\/revisions\/16856"}],"wp:featuredmedia":[{"embeddable":true,"href":"https:\/\/www.breakoutbasel.ch\/en\/wp-json\/wp\/v2\/media\/16505"}],"wp:attachment":[{"href":"https:\/\/www.breakoutbasel.ch\/en\/wp-json\/wp\/v2\/media?parent=16501"}],"curies":[{"name":"wp","href":"https:\/\/api.w.org\/{rel}","templated":true}]}}